{"id":10565,"date":"2024-04-29T08:13:10","date_gmt":"2024-04-29T08:13:10","guid":{"rendered":"https:\/\/alohaeuropeevents.com\/?page_id=10565"},"modified":"2024-07-24T09:06:03","modified_gmt":"2024-07-24T09:06:03","slug":"datenschutzrichtlinie","status":"publish","type":"page","link":"https:\/\/alohaeuropeevents.com\/de\/datenschutzrichtlinie\/","title":{"rendered":"Datenschutzrichtlinie"},"content":{"rendered":"<div class=\"wpb-content-wrapper\"><p>[vc_row][vc_column][vc_column_text css=&#8221;&#8221; woodmart_inline=&#8221;no&#8221; text_larger=&#8221;no&#8221;]<\/p>\r\n<p style=\"font-weight: 400;\">Diese Datenschutzerkl\u00e4rung beschreibt, wie Ihre Informationen gesammelt, gespeichert, verwendet und gesch\u00fctzt werden. Bitte lesen Sie diese Richtlinie sorgf\u00e4ltig durch, um unsere Praktiken in Bezug auf Ihre pers\u00f6nlichen Daten zu verstehen.<\/p>\r\n<h2 class=\"wp-block-heading\" style=\"font-weight: 400;\"><strong>Wer wir sind<\/strong><\/h2>\r\n<p><u>AlohaEuropeevents.com<\/u> wird von Story9 LTD (&#8220;S9&#8221;) betrieben. Einer digitalen Werbeagentur mit Sitz in Gro\u00dfbritannien, mit B\u00fcros in der Adam Street 7-10, The Strand, London. Story9 gilt als Auftragsverarbeiter der auf dieser Website gesammelten personenbezogenen Daten und verarbeitet Daten im Auftrag von New Age Marketing (&#8220;NAM&#8221;), dem Verantwortlichen. NAM ist daf\u00fcr verantwortlich, die Zwecke und Mittel der Verarbeitung Ihrer personenbezogenen Daten in Zusammenarbeit mit Hawai\u02bbi Tourism festzulegen. Wenn Ihre personenbezogenen Daten an Partner von Hawai\u02bbi Tourism weitergegeben werden, geschieht dies durch New Age Marketing als Verantwortlichen. Weitere Partner sind Hawai\u02bbi Tourism Authority, Courtyard by Marriott O\u2018ahu North Shore, Highgate, Kualoa Ranch Hawai\u02bbi, Marriott International, Marriott Waik\u012bk\u012b Collection, Outrigger Resorts &amp; Hotels, United Airlines, Condor Flugdienst GmbH und Travel Gossip.<\/p>\r\n<h2 style=\"font-weight: 400;\"><strong>Datenverarbeitungsvereinbarung<br \/><\/strong><\/h2>\r\n<p>Story9 LTD hat eine Datenverarbeitungsvereinbarung mit NAM geschlossen, in der S9 als Auftragsverarbeiter und NAM als Verantwortlicher in Bezug auf diese Website benannt wird. Diese Vereinbarung stellt sicher, dass Ihre personenbezogenen Daten in \u00dcbereinstimmung mit den geltenden Datenschutzgesetzen, einschlie\u00dflich der Datenschutz-Grundverordnung (DSGVO) und dem britischen Datenschutzgesetz 2018, verarbeitet werden.<\/p>\r\n<h2 style=\"font-weight: 400;\"><strong>Sammlung und Nutzung personenbezogener Daten<\/strong><\/h2>\r\n<p>Wir sammeln personenbezogene Daten, um digitale Werbedienstleistungen zu erbringen oder um Sie f\u00fcr Tourismusveranstaltungen zu registrieren. Dies umfasst:<\/p>\r\n<ul style=\"font-weight: 400;\">\r\n<li>Sammlung von Daten \u00fcber Website-Besuche, Anzeigenimpressionen und Klicks<\/li>\r\n<li>Sammlung personenbezogener Daten, die von unseren Kunden \u00fcber unsere Website oder andere Marketingkan\u00e4le zur Erbringung unserer Dienstleistungen bereitgestellt werden<\/li>\r\n<\/ul>\r\n<h2 style=\"font-weight: 400;\"><strong>Speicherung und Verarbeitung personenbezogener Daten<br \/><\/strong><\/h2>\r\n<p>Wir speichern personenbezogene Daten sicher, sowohl physisch als auch elektronisch, und verarbeiten personenbezogene Daten nur f\u00fcr die Zwecke, f\u00fcr die sie gesammelt wurden. Wir stellen sicher, dass alle von uns genutzten Dritt-Verarbeiter ebenfalls DSGVO-konform sind.<\/p>\r\n<h2 style=\"font-weight: 400;\"><strong>Verwendung von Cookies<\/strong><\/h2>\r\n<p>Wir verwenden Cookies, um Folgendes zu verfolgen:<\/p>\r\n<ul style=\"font-weight: 400;\">\r\n<li>Website-Besuche<\/li>\r\n<li>Anzeigenimpressionen<\/li>\r\n<li>Klicks<\/li>\r\n<\/ul>\r\n<p style=\"font-weight: 400;\">Wir verwenden Cookies nur, um unsere Dienstleistungen zu erbringen, und sammeln keine personenbezogenen Daten, die eine Person identifizieren k\u00f6nnten. Wir stellen sicher, dass alle von uns verwendeten Drittanbieter-Cookies DSGVO-konform sind.<\/p>\r\n<h2 style=\"font-weight: 400;\"><strong>Kundeneigene Daten<\/strong><\/h2>\r\n<p>Wir stellen sicher, dass alle von uns verarbeiteten Erstanbieterdaten in \u00dcbereinstimmung mit der DSGVO und anderen relevanten Datenschutzgesetzen behandelt werden.<\/p>\r\n<h2 style=\"font-weight: 400;\"><strong>Daten\u00fcbertragungen und Sicherheit<\/strong><\/h2>\r\n<p>Daten\u00fcbertragungen zwischen Story9 LTD und NAM erfolgen sicher und in \u00dcbereinstimmung mit der britischen Gesetzgebung. Wir verwenden geeignete technische und organisatorische Ma\u00dfnahmen, um Ihre Daten vor unbefugtem Zugriff, Verlust oder Missbrauch zu sch\u00fctzen.<\/p>\r\n<h2 style=\"font-weight: 400;\"><strong>Datenaufbewahrung<\/strong><\/h2>\r\n<p>Wir speichern personenbezogene Daten nur so lange, wie es notwendig ist, um unsere Dienstleistungen zu erbringen oder wie gesetzlich vorgeschrieben. Wir \u00fcberpr\u00fcfen regelm\u00e4\u00dfig unsere Datenaufbewahrungsrichtlinien und stellen sicher, dass personenbezogene Daten, die nicht mehr ben\u00f6tigt werden, sicher gel\u00f6scht werden.<\/p>\r\n<p style=\"font-weight: 400;\">Rechte der betroffenen Personen Wir respektieren die Rechte der betroffenen Personen, einschlie\u00dflich:<\/p>\r\n<ul style=\"font-weight: 400;\">\r\n<li>Das Recht auf Auskunft<\/li>\r\n<li>Das Recht auf Berichtigung<\/li>\r\n<li>Das Recht auf L\u00f6schung<\/li>\r\n<li>Das Recht auf Einschr\u00e4nkung der Verarbeitung<\/li>\r\n<li>Das Recht auf Widerspruch gegen die Verarbeitung<\/li>\r\n<li>Das Recht auf Daten\u00fcbertragbarkeit<\/li>\r\n<\/ul>\r\n<p style=\"font-weight: 400;\">Wir stellen sicher, dass alle Anfragen von betroffenen Personen zeitnah und professionell bearbeitet werden. Um eines dieser Rechte auszu\u00fcben, kontaktieren Sie bitte NAM unter <u>info@alohaeuropeevents.com<\/u>.<\/p>\r\n<h2 style=\"font-weight: 400;\"><strong>Datenpannen<\/strong><\/h2>\r\n<p>Im Falle einer Datenpanne haben wir Verfahren implementiert, um sicherzustellen, dass die Panne einged\u00e4mmt wird, betroffene Personen benachrichtigt werden und geeignete Ma\u00dfnahmen ergriffen werden, um zuk\u00fcnftige Pannen zu verhindern. Jede Panne wird gem\u00e4\u00df den britischen Gesetzen dem ICO gemeldet.<\/p>\r\n<h2 style=\"font-weight: 400;\"><strong>Einwilligung<\/strong><\/h2>\r\n<p>Durch die Nutzung dieser Website und die Bereitstellung Ihrer personenbezogenen Daten stimmen Sie der Sammlung, Nutzung und \u00dcbertragung Ihrer Informationen wie in dieser Datenschutzerkl\u00e4rung beschrieben zu. Sie k\u00f6nnen Ihre Einwilligung jederzeit widerrufen, indem Sie uns kontaktieren.<\/p>\r\n<p style=\"font-weight: 400;\">Sobald Ihre E-Mail-Adresse mit Partnern geteilt wurde, k\u00f6nnen diese sie verwenden, um Ihnen Newsletter und aktuelle Informationen zu senden. Wenn Sie diese Updates nicht erhalten m\u00f6chten, melden Sie sich bitte ab, wenn Sie diese E-Mails erhalten.<\/p>\r\n<p style=\"font-weight: 400;\">\u00c4nderungen dieser Richtlinie Wir k\u00f6nnen diese Datenschutzerkl\u00e4rung von Zeit zu Zeit aktualisieren. \u00c4nderungen werden auf dieser Seite ver\u00f6ffentlicht, und wir empfehlen Ihnen, diese Richtlinie regelm\u00e4\u00dfig zu \u00fcberpr\u00fcfen.<\/p>\r\n<p style=\"font-weight: 400;\">Kontakt Wenn Sie Fragen oder Bedenken zu dieser Datenschutzerkl\u00e4rung oder unseren Datenschutzpraktiken haben, kontaktieren Sie uns bitte unter <u>info@alohaeuropeevents.com<\/u>.<\/p>\r\n<h2 style=\"font-weight: 400;\"><strong>Liste der Cookies<\/strong><\/h2>\r\n<p><table class=\"wt-cli-element cookielawinfo-classic cookielawinfo-row-cat-table\"><thead><tr><th scope=\"col\" class=\"cookielawinfo-column-1\">Cookie<\/th><th scope=\"col\" class=\"cookielawinfo-column-4\">Beschreibung<\/th><\/thead><tbody><tr class=\"cookielawinfo-row-cat-title\"><th colspan=\"2\" class=\"cookielawinfo-row-cat-title-head\">Notwendig<\/th><\/tr><tr class=\"cookielawinfo-row\"><td class=\"cookielawinfo-column-1\">viewed_cookie_policy<\/td><td class=\"cookielawinfo-column-4\"><div><span lang=\"DE\">Das GDPR Cookie Consent Plugin setzt das Cookie, um zu speichern, ob der Benutzer der Verwendung von Cookies zugestimmt hat. Es speichert keine personenbezogenen Daten.<\/span><\/div><\/td><\/tr><tr class=\"cookielawinfo-row\"><td class=\"cookielawinfo-column-1\">cookielawinfo-checkbox-necessary<\/td><td class=\"cookielawinfo-column-4\"><div><span lang=\"DE\">Vom GDPR Cookie Consent Plugin gesetzt, speichert dieses Cookie die Benutzerzustimmung f\u00fcr Cookies in der Kategorie \"Notwendig\".<\/span><\/div><\/td><\/tr><tr class=\"cookielawinfo-row\"><td class=\"cookielawinfo-column-1\">cookielawinfo-checkbox-analytical<\/td><td class=\"cookielawinfo-column-4\">Vom GDPR Cookie Consent Plugin gesetzt, um die Benutzerzustimmung f\u00fcr Cookies in der Kategorie \"Analytik\" zu speichern.<\/td><\/tr><tr class=\"cookielawinfo-row\"><td class=\"cookielawinfo-column-1\">cookielawinfo-checkbox-other<\/td><td class=\"cookielawinfo-column-4\">CookieYes setzt dieses Cookie, um die Benutzerzustimmung f\u00fcr Cookies in der Kategorie \"Andere\" zu speichern.<\/td><\/tr><tr class=\"cookielawinfo-row\"><td class=\"cookielawinfo-column-1\">cookielawinfo-checkbox-functional<\/td><td class=\"cookielawinfo-column-4\">Das GDPR Cookie Consent Plugin setzt das Cookie, um die Benutzerzustimmung f\u00fcr Cookies in der Kategorie \"Funktional\" zu speichern.<\/td><\/tr><tr class=\"cookielawinfo-row\"><td class=\"cookielawinfo-column-1\">cookielawinfo-checkbox-performance<\/td><td class=\"cookielawinfo-column-4\">Vom GDPR Cookie Consent Plugin gesetzt, speichert dieses Cookie die Benutzerzustimmung f\u00fcr Cookies in der Kategorie \"Leistung\".<\/td><\/tr><tr class=\"cookielawinfo-row\"><td class=\"cookielawinfo-column-1\">cookielawinfo-checkbox-advertisement<\/td><td class=\"cookielawinfo-column-4\">Vom GDPR Cookie Consent Plugin gesetzt, speichert dieses Cookie die Benutzerzustimmung f\u00fcr Cookies in der Kategorie \"Werbung\".<\/td><\/tr><tr class=\"cookielawinfo-row\"><td class=\"cookielawinfo-column-1\">CookieLawInfoConsent<\/td><td class=\"cookielawinfo-column-4\">CookieYes setzt dieses Cookie, um den Standardstatus der entsprechenden Kategorie-Schaltfl\u00e4che und den Status der CCPA aufzuzeichnen. Es funktioniert nur in Koordination mit dem prim\u00e4ren Cookie.<\/td><\/tr><tr class=\"cookielawinfo-row\"><td class=\"cookielawinfo-column-1\">cookielawinfo-checkbox-werbung<\/td><td class=\"cookielawinfo-column-4\">CookieYes setzt dieses Cookie, um die Benutzerzustimmung f\u00fcr Cookies in der Kategorie \"Werbung\" zu speichern.<\/td><\/tr><tr class=\"cookielawinfo-row\"><td class=\"cookielawinfo-column-1\">cookielawinfo-checkbox-notwendig<\/td><td class=\"cookielawinfo-column-4\">CookieYes setzt dieses Cookie, um die Benutzerzustimmung f\u00fcr Cookies in der Kategorie \"Notwendig\" zu speichern.<\/td><\/tr><tr class=\"cookielawinfo-row\"><td class=\"cookielawinfo-column-1\">cookielawinfo-checkbox-funktional<\/td><td class=\"cookielawinfo-column-4\">CookieYes setzt dieses Cookie, um die Benutzerzustimmung f\u00fcr Cookies in der Kategorie \"Funktional\" zu speichern.<\/td><\/tr><tr class=\"cookielawinfo-row\"><td class=\"cookielawinfo-column-1\">cookielawinfo-checkbox-analytik<\/td><td class=\"cookielawinfo-column-4\">CookieYes setzt dieses Cookie, um die Benutzerzustimmung f\u00fcr Cookies in der Kategorie \"Analytik\" zu speichern.<\/td><\/tr><tr class=\"cookielawinfo-row\"><td class=\"cookielawinfo-column-1\">cookielawinfo-checkbox-andere<\/td><td class=\"cookielawinfo-column-4\">CookieYes setzt dieses Cookie, um die Benutzerzustimmung f\u00fcr Cookies in der Kategorie \"Andere\" zu speichern.<\/td><\/tr><tr class=\"cookielawinfo-row-cat-title\"><th colspan=\"2\" class=\"cookielawinfo-row-cat-title-head\">Analytik<\/th><\/tr><tr class=\"cookielawinfo-row\"><td class=\"cookielawinfo-column-1\">_gcl_au<\/td><td class=\"cookielawinfo-column-4\">Google Tag Manager setzt das Cookie, um die Effizienz von Werbung auf Websites, die ihre Dienste nutzen, zu testen.<\/td><\/tr><tr class=\"cookielawinfo-row\"><td class=\"cookielawinfo-column-1\">_ga_*<\/td><td class=\"cookielawinfo-column-4\">Google Analytics setzt dieses Cookie, um Seitenaufrufe zu speichern und zu z\u00e4hlen.<\/td><\/tr><tr class=\"cookielawinfo-row\"><td class=\"cookielawinfo-column-1\">_ga<\/td><td class=\"cookielawinfo-column-4\">Google Analytics setzt dieses Cookie, um Besucher-, Sitzungs- und Kampagnendaten zu berechnen und die Website-Nutzung f\u00fcr den Analysebericht der Website zu verfolgen. Das Cookie speichert Informationen anonym und weist eine zuf\u00e4llig generierte Nummer zu, um eindeutige Besucher zu erkennen.<\/td><\/tr><tr class=\"cookielawinfo-row-cat-title\"><th colspan=\"2\" class=\"cookielawinfo-row-cat-title-head\">Andere<\/th><\/tr><tr class=\"cookielawinfo-row\"><td class=\"cookielawinfo-column-1\">cookielawinfo-checkbox-leistung<\/td><td class=\"cookielawinfo-column-4\">Beschreibung ist derzeit nicht verf\u00fcgbar.<\/td><\/tr><tr class=\"cookielawinfo-row-cat-title\"><th colspan=\"2\" class=\"cookielawinfo-row-cat-title-head\">Funktional<\/th><\/tr><tr class=\"cookielawinfo-row\"><td class=\"cookielawinfo-column-1\">wp-wpml_current_language<\/td><td class=\"cookielawinfo-column-4\">Das mehrsprachige Plugin von WordPress setzt dieses Cookie, um die aktuelle Sprache\/Spracheneinstellungen zu speichern.<\/td><\/tr><tr class=\"cookielawinfo-row-cat-title\"><th colspan=\"2\" class=\"cookielawinfo-row-cat-title-head\">Werbung<\/th><\/tr><tr class=\"cookielawinfo-row\"><td class=\"cookielawinfo-column-1\">c<\/td><td class=\"cookielawinfo-column-4\">Rubicon Project setzt dieses Cookie, um die Synchronisation der Benutzeridentifikation und den Austausch von Benutzerdaten zwischen verschiedenen Werbediensten zu steuern.<\/td><\/tr><tr class=\"cookielawinfo-row\"><td class=\"cookielawinfo-column-1\">test_cookie<\/td><td class=\"cookielawinfo-column-4\">doubleclick.net setzt dieses Cookie, um zu bestimmen, ob der Browser des Benutzers Cookies unterst\u00fctzt.<\/td><\/tr><\/tbody><\/table><br \/><div class=\"wt-cli-element cli_user_consent_state\"><\/div>\r\n<p>[\/vc_column_text][\/vc_column][\/vc_row]<\/p><\/div>","protected":false},"excerpt":{"rendered":"<p>[vc_row][vc_column][vc_column_text css=&#8221;&#8221; woodmart_inline=&#8221;no&#8221; text_larger=&#8221;no&#8221;] Diese Datenschutzerkl\u00e4rung beschreibt, wie Ihre Informationen gesammelt, gespeichert, verwendet und gesch\u00fctzt werden. Bitte lesen Sie diese<\/p>\n","protected":false},"author":1,"featured_media":0,"parent":0,"menu_order":0,"comment_status":"closed","ping_status":"open","template":"","meta":{"footnotes":""},"class_list":["post-10565","page","type-page","status-publish","hentry"],"yoast_head":"<!-- This site is optimized with the Yoast SEO plugin v23.4 - https:\/\/yoast.com\/wordpress\/plugins\/seo\/ -->\n<title>Datenschutzrichtlinie - Aloha \u2013 Willkommen in Hawai\u02bbi<\/title>\n<meta name=\"robots\" content=\"noindex, follow, max-snippet:-1, max-image-preview:large, max-video-preview:-1\" \/>\n<meta property=\"og:locale\" content=\"de_DE\" \/>\n<meta property=\"og:type\" content=\"article\" \/>\n<meta property=\"og:title\" content=\"Datenschutzrichtlinie - Aloha \u2013 Willkommen in Hawai\u02bbi\" \/>\n<meta property=\"og:description\" content=\"[vc_row][vc_column][vc_column_text css=&#8221;&#8221; woodmart_inline=&#8221;no&#8221; text_larger=&#8221;no&#8221;] Diese Datenschutzerkl\u00e4rung beschreibt, wie Ihre Informationen gesammelt, gespeichert, verwendet und gesch\u00fctzt werden. Bitte lesen Sie diese\" \/>\n<meta property=\"og:url\" content=\"https:\/\/alohaeuropeevents.com\/de\/datenschutzrichtlinie\/\" \/>\n<meta property=\"og:site_name\" content=\"Aloha \u2013 Willkommen in Hawai\u02bbi\" \/>\n<meta property=\"article:modified_time\" content=\"2024-07-24T09:06:03+00:00\" \/>\n<meta name=\"twitter:card\" content=\"summary_large_image\" \/>\n<meta name=\"twitter:label1\" content=\"Gesch\u00e4tzte Lesezeit\" \/>\n\t<meta name=\"twitter:data1\" content=\"3\u00a0Minuten\" \/>\n<script type=\"application\/ld+json\" class=\"yoast-schema-graph\">{\"@context\":\"https:\/\/schema.org\",\"@graph\":[{\"@type\":\"WebPage\",\"@id\":\"https:\/\/alohaeuropeevents.com\/de\/datenschutzrichtlinie\/\",\"url\":\"https:\/\/alohaeuropeevents.com\/de\/datenschutzrichtlinie\/\",\"name\":\"Datenschutzrichtlinie - Aloha \u2013 Willkommen in Hawai\u02bbi\",\"isPartOf\":{\"@id\":\"https:\/\/alohaeuropeevents.com\/de\/#website\"},\"datePublished\":\"2024-04-29T08:13:10+00:00\",\"dateModified\":\"2024-07-24T09:06:03+00:00\",\"breadcrumb\":{\"@id\":\"https:\/\/alohaeuropeevents.com\/de\/datenschutzrichtlinie\/#breadcrumb\"},\"inLanguage\":\"de\",\"potentialAction\":[{\"@type\":\"ReadAction\",\"target\":[\"https:\/\/alohaeuropeevents.com\/de\/datenschutzrichtlinie\/\"]}]},{\"@type\":\"BreadcrumbList\",\"@id\":\"https:\/\/alohaeuropeevents.com\/de\/datenschutzrichtlinie\/#breadcrumb\",\"itemListElement\":[{\"@type\":\"ListItem\",\"position\":1,\"name\":\"Home\",\"item\":\"https:\/\/alohaeuropeevents.com\/de\/\"},{\"@type\":\"ListItem\",\"position\":2,\"name\":\"Datenschutzrichtlinie\"}]},{\"@type\":\"WebSite\",\"@id\":\"https:\/\/alohaeuropeevents.com\/de\/#website\",\"url\":\"https:\/\/alohaeuropeevents.com\/de\/\",\"name\":\"Aloha Europe Events - Hawaii\",\"description\":\"Hawai\u2018i, das Juwel des Pazifiks, lockt mit atemberaubender Vielfalt\",\"potentialAction\":[{\"@type\":\"SearchAction\",\"target\":{\"@type\":\"EntryPoint\",\"urlTemplate\":\"https:\/\/alohaeuropeevents.com\/de\/?s={search_term_string}\"},\"query-input\":{\"@type\":\"PropertyValueSpecification\",\"valueRequired\":true,\"valueName\":\"search_term_string\"}}],\"inLanguage\":\"de\"}]}<\/script>\n<!-- \/ Yoast SEO plugin. -->","yoast_head_json":{"title":"Datenschutzrichtlinie - Aloha \u2013 Willkommen in Hawai\u02bbi","robots":{"index":"noindex","follow":"follow","max-snippet":"max-snippet:-1","max-image-preview":"max-image-preview:large","max-video-preview":"max-video-preview:-1"},"og_locale":"de_DE","og_type":"article","og_title":"Datenschutzrichtlinie - Aloha \u2013 Willkommen in Hawai\u02bbi","og_description":"[vc_row][vc_column][vc_column_text css=&#8221;&#8221; woodmart_inline=&#8221;no&#8221; text_larger=&#8221;no&#8221;] Diese Datenschutzerkl\u00e4rung beschreibt, wie Ihre Informationen gesammelt, gespeichert, verwendet und gesch\u00fctzt werden. Bitte lesen Sie diese","og_url":"https:\/\/alohaeuropeevents.com\/de\/datenschutzrichtlinie\/","og_site_name":"Aloha \u2013 Willkommen in Hawai\u02bbi","article_modified_time":"2024-07-24T09:06:03+00:00","twitter_card":"summary_large_image","twitter_misc":{"Gesch\u00e4tzte Lesezeit":"3\u00a0Minuten"},"schema":{"@context":"https:\/\/schema.org","@graph":[{"@type":"WebPage","@id":"https:\/\/alohaeuropeevents.com\/de\/datenschutzrichtlinie\/","url":"https:\/\/alohaeuropeevents.com\/de\/datenschutzrichtlinie\/","name":"Datenschutzrichtlinie - Aloha \u2013 Willkommen in Hawai\u02bbi","isPartOf":{"@id":"https:\/\/alohaeuropeevents.com\/de\/#website"},"datePublished":"2024-04-29T08:13:10+00:00","dateModified":"2024-07-24T09:06:03+00:00","breadcrumb":{"@id":"https:\/\/alohaeuropeevents.com\/de\/datenschutzrichtlinie\/#breadcrumb"},"inLanguage":"de","potentialAction":[{"@type":"ReadAction","target":["https:\/\/alohaeuropeevents.com\/de\/datenschutzrichtlinie\/"]}]},{"@type":"BreadcrumbList","@id":"https:\/\/alohaeuropeevents.com\/de\/datenschutzrichtlinie\/#breadcrumb","itemListElement":[{"@type":"ListItem","position":1,"name":"Home","item":"https:\/\/alohaeuropeevents.com\/de\/"},{"@type":"ListItem","position":2,"name":"Datenschutzrichtlinie"}]},{"@type":"WebSite","@id":"https:\/\/alohaeuropeevents.com\/de\/#website","url":"https:\/\/alohaeuropeevents.com\/de\/","name":"Aloha Europe Events - Hawaii","description":"Hawai\u2018i, das Juwel des Pazifiks, lockt mit atemberaubender Vielfalt","potentialAction":[{"@type":"SearchAction","target":{"@type":"EntryPoint","urlTemplate":"https:\/\/alohaeuropeevents.com\/de\/?s={search_term_string}"},"query-input":{"@type":"PropertyValueSpecification","valueRequired":true,"valueName":"search_term_string"}}],"inLanguage":"de"}]}},"_links":{"self":[{"href":"https:\/\/alohaeuropeevents.com\/de\/wp-json\/wp\/v2\/pages\/10565","targetHints":{"allow":["GET"]}}],"collection":[{"href":"https:\/\/alohaeuropeevents.com\/de\/wp-json\/wp\/v2\/pages"}],"about":[{"href":"https:\/\/alohaeuropeevents.com\/de\/wp-json\/wp\/v2\/types\/page"}],"author":[{"embeddable":true,"href":"https:\/\/alohaeuropeevents.com\/de\/wp-json\/wp\/v2\/users\/1"}],"replies":[{"embeddable":true,"href":"https:\/\/alohaeuropeevents.com\/de\/wp-json\/wp\/v2\/comments?post=10565"}],"version-history":[{"count":7,"href":"https:\/\/alohaeuropeevents.com\/de\/wp-json\/wp\/v2\/pages\/10565\/revisions"}],"predecessor-version":[{"id":11174,"href":"https:\/\/alohaeuropeevents.com\/de\/wp-json\/wp\/v2\/pages\/10565\/revisions\/11174"}],"wp:attachment":[{"href":"https:\/\/alohaeuropeevents.com\/de\/wp-json\/wp\/v2\/media?parent=10565"}],"curies":[{"name":"wp","href":"https:\/\/api.w.org\/{rel}","templated":true}]}}