{"id":10518,"date":"2021-08-25T07:26:28","date_gmt":"2021-08-25T07:26:28","guid":{"rendered":"https:\/\/alohaeuropeevents.com\/?page_id=10518"},"modified":"2024-09-10T05:24:59","modified_gmt":"2024-09-10T05:24:59","slug":"die-event","status":"publish","type":"page","link":"https:\/\/alohaeuropeevents.com\/de\/die-event\/","title":{"rendered":"DIE EVENT"},"content":{"rendered":"<div class=\"wpb-content-wrapper\"><p>[vc_row css=&#8221;.vc_custom_1719255580443{margin-bottom: 40px !important;}&#8221; mobile_bg_img_hidden=&#8221;no&#8221; tablet_bg_img_hidden=&#8221;no&#8221; woodmart_parallax=&#8221;0&#8243; woodmart_gradient_switch=&#8221;no&#8221; row_reverse_mobile=&#8221;1&#8243; row_reverse_tablet=&#8221;1&#8243; woodmart_disable_overflow=&#8221;0&#8243; wd_z_index=&#8221;no&#8221; woodmart_css_id=&#8221;6679c2151853d&#8221; responsive_spacing=&#8221;eyJwYXJhbV90eXBlIjoid29vZG1hcnRfcmVzcG9uc2l2ZV9zcGFjaW5nIiwic2VsZWN0b3JfaWQiOiI2Njc5YzIxNTE4NTNkIiwic2hvcnRjb2RlIjoidmNfcm93IiwiZGF0YSI6eyJ0YWJsZXQiOnt9LCJtb2JpbGUiOnsibWFyZ2luLWJvdHRvbSI6IjIwcHgifX19&#8243; el_id=&#8221;DE&#8221; woodmart_box_shadow=&#8221;no&#8221;][vc_column css=&#8221;.vc_custom_1629877010833{margin-bottom: 40px !important;padding-top: 0px !important;}&#8221; mobile_bg_img_hidden=&#8221;no&#8221; tablet_bg_img_hidden=&#8221;no&#8221; woodmart_parallax=&#8221;0&#8243; woodmart_sticky_column=&#8221;false&#8221; parallax_scroll=&#8221;no&#8221; mobile_reset_margin=&#8221;no&#8221; tablet_reset_margin=&#8221;no&#8221; offset=&#8221;vc_col-lg-6 vc_col-md-6&#8243; wd_z_index=&#8221;no&#8221; woodmart_css_id=&#8221;6125f30edad72&#8243; responsive_spacing=&#8221;eyJwYXJhbV90eXBlIjoid29vZG1hcnRfcmVzcG9uc2l2ZV9zcGFjaW5nIiwic2VsZWN0b3JfaWQiOiI2MTI1ZjMwZWRhZDcyIiwic2hvcnRjb2RlIjoidmNfY29sdW1uIiwiZGF0YSI6eyJ0YWJsZXQiOnt9LCJtb2JpbGUiOnt9fX0=&#8221;]\t\t<div id=\"wd-66965db16ad05\" class=\"wd-image wd-wpb wd-rs-66965db16ad05 text-left vc_custom_1721130435032\">\n\t\t\t\n\t\t\t<img loading=\"lazy\" decoding=\"async\" width=\"2340\" height=\"1560\" src=\"https:\/\/alohaeuropeevents.com\/wp-content\/uploads\/2024\/07\/Hawaii-Tourism-Authority-HTA_Heather-Goodman_@hbgoodie.jpg\" class=\"attachment-full size-full\" alt=\"\" srcset=\"https:\/\/alohaeuropeevents.com\/wp-content\/uploads\/2024\/07\/Hawaii-Tourism-Authority-HTA_Heather-Goodman_@hbgoodie.jpg 2340w, https:\/\/alohaeuropeevents.com\/wp-content\/uploads\/2024\/07\/Hawaii-Tourism-Authority-HTA_Heather-Goodman_@hbgoodie-400x267.jpg 400w, https:\/\/alohaeuropeevents.com\/wp-content\/uploads\/2024\/07\/Hawaii-Tourism-Authority-HTA_Heather-Goodman_@hbgoodie-1200x800.jpg 1200w, https:\/\/alohaeuropeevents.com\/wp-content\/uploads\/2024\/07\/Hawaii-Tourism-Authority-HTA_Heather-Goodman_@hbgoodie-768x512.jpg 768w, https:\/\/alohaeuropeevents.com\/wp-content\/uploads\/2024\/07\/Hawaii-Tourism-Authority-HTA_Heather-Goodman_@hbgoodie-1536x1024.jpg 1536w, https:\/\/alohaeuropeevents.com\/wp-content\/uploads\/2024\/07\/Hawaii-Tourism-Authority-HTA_Heather-Goodman_@hbgoodie-2048x1365.jpg 2048w\" sizes=\"auto, (max-width: 2340px) 100vw, 2340px\" \/>\n\t\t\t\t\t<\/div>\n\t\t[\/vc_column][vc_column css=&#8221;.vc_custom_1629877027060{margin-bottom: 40px !important;padding-top: 40px !important;}&#8221; mobile_bg_img_hidden=&#8221;no&#8221; tablet_bg_img_hidden=&#8221;no&#8221; woodmart_parallax=&#8221;0&#8243; woodmart_sticky_column=&#8221;false&#8221; parallax_scroll=&#8221;no&#8221; mobile_reset_margin=&#8221;no&#8221; tablet_reset_margin=&#8221;no&#8221; offset=&#8221;vc_col-lg-offset-1 vc_col-lg-5 vc_col-md-6 vc_col-xs-12&#8243; wd_z_index=&#8221;no&#8221; woodmart_css_id=&#8221;6125f320eb687&#8243; responsive_spacing=&#8221;eyJwYXJhbV90eXBlIjoid29vZG1hcnRfcmVzcG9uc2l2ZV9zcGFjaW5nIiwic2VsZWN0b3JfaWQiOiI2MTI1ZjMyMGViNjg3Iiwic2hvcnRjb2RlIjoidmNfY29sdW1uIiwiZGF0YSI6eyJ0YWJsZXQiOnt9LCJtb2JpbGUiOnsicGFkZGluZy10b3AiOiIwIn19fQ==&#8221;]\t\t\t<link rel=\"stylesheet\" id=\"wd-section-title-css\" href=\"https:\/\/alohaeuropeevents.com\/wp-content\/themes\/woodmart\/css\/parts\/el-section-title.min.css?ver=7.5.2\" type=\"text\/css\" media=\"all\" \/> \t\t\t\t\t\t<link rel=\"stylesheet\" id=\"wd-mod-highlighted-text-css\" href=\"https:\/\/alohaeuropeevents.com\/wp-content\/themes\/woodmart\/css\/parts\/mod-highlighted-text.min.css?ver=7.5.2\" type=\"text\/css\" media=\"all\" \/> \t\t\t\n\t\t<div id=\"wd-668e815932606\" class=\"title-wrapper wd-wpb set-mb-s reset-last-child  wd-rs-668e815932606 wd-title-color-primary wd-title-style-default text-left vc_custom_1720615262281 wd-underline-colored\">\n\t\t\t\n\t\t\t<div class=\"liner-continer\">\n\t\t\t\t<h4 class=\"woodmart-title-container title  wd-font-weight- wd-fontsize-xxl\" >Aloha Deutschland<\/h4>\n\t\t\t\t\t\t\t<\/div>\n\t\t\t\n\t\t\t\n\t\t\t\n\t\t<\/div>\n\t\t\n\t\t\t\t\t<link rel=\"stylesheet\" id=\"wd-text-block-css\" href=\"https:\/\/alohaeuropeevents.com\/wp-content\/themes\/woodmart\/css\/parts\/el-text-block.min.css?ver=7.5.2\" type=\"text\/css\" media=\"all\" \/> \t\t\t\t\t<div id=\"wd-66992816cdfb5\" class=\"wd-text-block wd-wpb reset-last-child wd-rs-66992816cdfb5 text-left wd-fontsize-custom vc_custom_1721313318056\">\n\t\t\t<p>Wir bringen den Aloha Spirit nach Deutschland. Lerne mehr \u00fcber unsere Inseln, Produkte und die hawaiianische Kultur! Au\u00dferdem hast Du die Chance Gutscheine f\u00fcr eine Reise nach Hawai\u2018i zu gewinnen. Wir freuen uns auf Deine Teilnahme.<\/p>\n\t\t<\/div>\n\t\t[vc_separator color=&#8221;custom&#8221; css=&#8221;.vc_custom_1615616514122{margin-bottom: 20px !important;padding-top: 10px !important;}&#8221; accent_color=&#8221;rgba(10,10,10,0.12)&#8221;][\/vc_column][\/vc_row][vc_row css=&#8221;.vc_custom_1721119194662{padding-bottom: 40px !important;}&#8221; woodmart_css_id=&#8221;669631d266fab&#8221; responsive_spacing=&#8221;eyJwYXJhbV90eXBlIjoid29vZG1hcnRfcmVzcG9uc2l2ZV9zcGFjaW5nIiwic2VsZWN0b3JfaWQiOiI2Njk2MzFkMjY2ZmFiIiwic2hvcnRjb2RlIjoidmNfcm93IiwiZGF0YSI6eyJ0YWJsZXQiOnt9LCJtb2JpbGUiOnt9fX0=&#8221; mobile_bg_img_hidden=&#8221;no&#8221; tablet_bg_img_hidden=&#8221;no&#8221; woodmart_parallax=&#8221;0&#8243; woodmart_gradient_switch=&#8221;no&#8221; woodmart_box_shadow=&#8221;no&#8221; wd_z_index=&#8221;no&#8221; woodmart_disable_overflow=&#8221;0&#8243; row_reverse_mobile=&#8221;0&#8243; row_reverse_tablet=&#8221;0&#8243;][vc_column width=&#8221;1\/2&#8243;]\n\t\t<div id=\"wd-6696317e5c49c\" class=\"title-wrapper wd-wpb set-mb-s reset-last-child  wd-rs-6696317e5c49c wd-title-color-primary wd-title-style-default text-left vc_custom_1721119118117 wd-underline-colored\">\n\t\t\t\n\t\t\t<div class=\"liner-continer\">\n\t\t\t\t<h4 class=\"woodmart-title-container title  wd-font-weight- wd-fontsize-xl\" >Frankfurt<\/h4>\n\t\t\t\t\t\t\t<\/div>\n\t\t\t\n\t\t\t\n\t\t\t\n\t\t<\/div>\n\t\t\n\t\t\t\t<div id=\"wd-669630f87c7a2\" class=\"wd-text-block wd-wpb reset-last-child wd-rs-669630f87c7a2 text-left vc_custom_1721119098592\">\n\t\t\t<table style=\"height: 128px;\" width=\"405\">\n<tbody>\n<tr>\n<th>Veranstaltungsort:<\/th>\n<td style=\"text-align: right;\">Frankfurt \u2013 Restaurant Main Nizza<\/td>\n<\/tr>\n<tr>\n<th>Adresse:<\/th>\n<td style=\"text-align: right;\">Untermainkai 17, 60329 Frankfurt Main<\/td>\n<\/tr>\n<tr>\n<th>Datum:<\/th>\n<td style=\"text-align: right;\">02.09.24<\/td>\n<\/tr>\n<tr>\n<th>Uhrzeit:<\/th>\n<td style=\"text-align: right;\">18:00 \u2013 22:00 Uhr<\/td>\n<\/tr>\n<\/tbody>\n<\/table>\n\t\t<\/div>\n\t\t\t\t\t<link rel=\"stylesheet\" id=\"wd-map-css\" href=\"https:\/\/alohaeuropeevents.com\/wp-content\/themes\/woodmart\/css\/parts\/el-map.min.css?ver=7.5.2\" type=\"text\/css\" media=\"all\" \/> \t\t\t\t\t\t<link rel=\"stylesheet\" id=\"wd-el-google-map-css\" href=\"https:\/\/alohaeuropeevents.com\/wp-content\/themes\/woodmart\/css\/parts\/el-google-map.min.css?ver=7.5.2\" type=\"text\/css\" media=\"all\" \/> \t\t\t\t\t\t<div class=\"google-map-container wd-map-container   wd-rs-6696336c21d4e\"  data-map-args='{\"multiple_markers\":\"no\",\"latitude\":\"50.106530\",\"longitude\":\"8.673770\",\"zoom\":\"15\",\"mouse_zoom\":\"no\",\"init_type\":\"page_load\",\"init_offset\":\"100\",\"elementor\":false,\"json_style\":\"\",\"marker_icon\":\"https:\\\/\\\/alohaeuropeevents.com\\\/wp-content\\\/themes\\\/woodmart\\\/inc\\\/admin\\\/assets\\\/images\\\/google-icon.png\",\"marker_icon_size\":\"\",\"marker_text_needed\":\"no\",\"marker_text\":\"<h3 style=\\\"min-width:300px; text-align:center; margin:15px;\\\"><\\\/h3>\",\"selector\":\"wd-map-id-69fc8db21f46d\",\"markers\":\"\",\"center\":\"\"}'>\n\n\t\t\t\t\n\t\t\t\t\n\t\t\t\t<div class=\"wd-google-map-wrapper wd-map-wrapper wd-fill\">\n\t\t\t\t\t<div id=\"wd-map-id-69fc8db21f46d\" class=\"wd-google-map without-content wd-fill\"><\/div>\n\t\t\t\t<\/div>\n\n\t\t\t\t\t\t\t<\/div>\n\t\t[\/vc_column][vc_column width=&#8221;1\/2&#8243;]\n\t\t<div id=\"wd-669631a6ed77d\" class=\"title-wrapper wd-wpb set-mb-s reset-last-child  wd-rs-669631a6ed77d wd-title-color-primary wd-title-style-default text-left vc_custom_1721119147090 wd-underline-colored\">\n\t\t\t\n\t\t\t<div class=\"liner-continer\">\n\t\t\t\t<h4 class=\"woodmart-title-container title  wd-font-weight- wd-fontsize-xl\" >Stuttgart<\/h4>\n\t\t\t\t\t\t\t<\/div>\n\t\t\t\n\t\t\t\n\t\t\t\n\t\t<\/div>\n\t\t\n\t\t\t\t<div id=\"wd-669631ad962dd\" class=\"wd-text-block wd-wpb reset-last-child wd-rs-669631ad962dd text-left vc_custom_1721119180665\">\n\t\t\t<table style=\"height: 128px;\" width=\"405\">\n<tbody>\n<tr>\n<th>Veranstaltungsort:<\/th>\n<td style=\"text-align: right;\">Stuttgart &#8211; Hotel Steigenberger Graf Zeppelin<\/td>\n<\/tr>\n<tr>\n<th>Adresse:<\/th>\n<td style=\"text-align: right;\"><span class=\"bb-child\">Arnulf-Klett-Platz 7<\/span><span class=\"addr\">, <\/span>70173<span class=\"addr\">\u00a0Stuttgart<\/span><span class=\"separator\">\u00a0<\/span><\/td>\n<\/tr>\n<tr>\n<th>Datum:<\/th>\n<td style=\"text-align: right;\">03.09.24<\/td>\n<\/tr>\n<tr>\n<th>Uhrzeit:<\/th>\n<td style=\"text-align: right;\">18:00 \u2013 22:00 Uhr<\/td>\n<\/tr>\n<\/tbody>\n<\/table>\n\t\t<\/div>\n\t\t\t\t\t<div class=\"google-map-container wd-map-container   wd-rs-669630b56c157\"  data-map-args='{\"multiple_markers\":\"no\",\"latitude\":\"48.783600\",\"longitude\":\"9.179580\",\"zoom\":\"15\",\"mouse_zoom\":\"no\",\"init_type\":\"page_load\",\"init_offset\":\"100\",\"elementor\":false,\"json_style\":\"\",\"marker_icon\":\"https:\\\/\\\/alohaeuropeevents.com\\\/wp-content\\\/themes\\\/woodmart\\\/inc\\\/admin\\\/assets\\\/images\\\/google-icon.png\",\"marker_icon_size\":\"\",\"marker_text_needed\":\"no\",\"marker_text\":\"<h3 style=\\\"min-width:300px; text-align:center; margin:15px;\\\"><\\\/h3>\",\"selector\":\"wd-map-id-69fc8db21f604\",\"markers\":\"\",\"center\":\"\"}'>\n\n\t\t\t\t\n\t\t\t\t\n\t\t\t\t<div class=\"wd-google-map-wrapper wd-map-wrapper wd-fill\">\n\t\t\t\t\t<div id=\"wd-map-id-69fc8db21f604\" class=\"wd-google-map without-content wd-fill\"><\/div>\n\t\t\t\t<\/div>\n\n\t\t\t\t\t\t\t<\/div>\n\t\t[\/vc_column][\/vc_row][vc_row css=&#8221;.vc_custom_1721119194662{padding-bottom: 40px !important;}&#8221; woodmart_css_id=&#8221;669631d266fab&#8221; responsive_spacing=&#8221;eyJwYXJhbV90eXBlIjoid29vZG1hcnRfcmVzcG9uc2l2ZV9zcGFjaW5nIiwic2VsZWN0b3JfaWQiOiI2Njk2MzFkMjY2ZmFiIiwic2hvcnRjb2RlIjoidmNfcm93IiwiZGF0YSI6eyJ0YWJsZXQiOnt9LCJtb2JpbGUiOnt9fX0=&#8221; mobile_bg_img_hidden=&#8221;no&#8221; tablet_bg_img_hidden=&#8221;no&#8221; woodmart_parallax=&#8221;0&#8243; woodmart_gradient_switch=&#8221;no&#8221; woodmart_box_shadow=&#8221;no&#8221; wd_z_index=&#8221;no&#8221; woodmart_disable_overflow=&#8221;0&#8243; row_reverse_mobile=&#8221;0&#8243; row_reverse_tablet=&#8221;0&#8243;][vc_column width=&#8221;1\/2&#8243;]\n\t\t<div id=\"wd-669631e2d31b0\" class=\"title-wrapper wd-wpb set-mb-s reset-last-child  wd-rs-669631e2d31b0 wd-title-color-primary wd-title-style-default text-left vc_custom_1721119206873 wd-underline-colored\">\n\t\t\t\n\t\t\t<div class=\"liner-continer\">\n\t\t\t\t<h4 class=\"woodmart-title-container title  wd-font-weight- wd-fontsize-xl\" >M\u00fcnchen<\/h4>\n\t\t\t\t\t\t\t<\/div>\n\t\t\t\n\t\t\t\n\t\t\t\n\t\t<\/div>\n\t\t\n\t\t\t\t<div id=\"wd-669631e98d1ac\" class=\"wd-text-block wd-wpb reset-last-child wd-rs-669631e98d1ac text-left vc_custom_1721119237803\">\n\t\t\t<table style=\"height: 128px;\" width=\"405\">\n<tbody>\n<tr>\n<th>Veranstaltungsort:<\/th>\n<td style=\"text-align: right;\">M\u00fcnchen &#8211; Restaurant Maui<\/td>\n<\/tr>\n<tr>\n<th>Adresse:<\/th>\n<td style=\"text-align: right;\">Nymphenburger 151, 80634 M\u00fcnchen<\/td>\n<\/tr>\n<tr>\n<th>Datum:<\/th>\n<td style=\"text-align: right;\">04.09.24<\/td>\n<\/tr>\n<tr>\n<th>Uhrzeit:<\/th>\n<td style=\"text-align: right;\">18:00 \u2013 22:00 Uhr<\/td>\n<\/tr>\n<\/tbody>\n<\/table>\n\t\t<\/div>\n\t\t\t\t\t<div class=\"google-map-container wd-map-container   wd-rs-6696339e624b5\"  data-map-args='{\"multiple_markers\":\"no\",\"latitude\":\"48.151820\",\"longitude\":\"11.535750\",\"zoom\":\"15\",\"mouse_zoom\":\"no\",\"init_type\":\"page_load\",\"init_offset\":\"100\",\"elementor\":false,\"json_style\":\"\",\"marker_icon\":\"https:\\\/\\\/alohaeuropeevents.com\\\/wp-content\\\/themes\\\/woodmart\\\/inc\\\/admin\\\/assets\\\/images\\\/google-icon.png\",\"marker_icon_size\":\"\",\"marker_text_needed\":\"no\",\"marker_text\":\"<h3 style=\\\"min-width:300px; text-align:center; margin:15px;\\\"><\\\/h3>\",\"selector\":\"wd-map-id-69fc8db21f771\",\"markers\":\"\",\"center\":\"\"}'>\n\n\t\t\t\t\n\t\t\t\t\n\t\t\t\t<div class=\"wd-google-map-wrapper wd-map-wrapper wd-fill\">\n\t\t\t\t\t<div id=\"wd-map-id-69fc8db21f771\" class=\"wd-google-map without-content wd-fill\"><\/div>\n\t\t\t\t<\/div>\n\n\t\t\t\t\t\t\t<\/div>\n\t\t[\/vc_column][vc_column width=&#8221;1\/2&#8243;]\n\t\t<div id=\"wd-6696320e2fcf7\" class=\"title-wrapper wd-wpb set-mb-s reset-last-child  wd-rs-6696320e2fcf7 wd-title-color-primary wd-title-style-default text-left vc_custom_1721119250506 wd-underline-colored\">\n\t\t\t\n\t\t\t<div class=\"liner-continer\">\n\t\t\t\t<h4 class=\"woodmart-title-container title  wd-font-weight- wd-fontsize-xl\" >Z\u00fcrich<\/h4>\n\t\t\t\t\t\t\t<\/div>\n\t\t\t\n\t\t\t\n\t\t\t\n\t\t<\/div>\n\t\t\n\t\t\t\t<div id=\"wd-66aa51b97ae55\" class=\"wd-text-block wd-wpb reset-last-child wd-rs-66aa51b97ae55 text-left vc_custom_1722438081646\">\n\t\t\t<table style=\"height: 128px;\" width=\"405\">\n<tbody>\n<tr>\n<th>Veranstaltungsort:<\/th>\n<td style=\"text-align: right;\">Z\u00fcrich &#8211; Chez Smith (ehemals SMITH and de LUMA)<\/td>\n<\/tr>\n<tr>\n<th>Adresse:<\/th>\n<td style=\"text-align: right;\">Grubenstra\u00dfe 27, 8045 Z\u00fcrich<\/td>\n<\/tr>\n<tr>\n<th>Datum:<\/th>\n<td style=\"text-align: right;\">\u00a005.09.24<\/td>\n<\/tr>\n<tr>\n<th>Uhrzeit:<\/th>\n<td style=\"text-align: right;\">18:00 \u2013 22:00 Uhr<\/td>\n<\/tr>\n<\/tbody>\n<\/table>\n\t\t<\/div>\n\t\t\t\t\t<div class=\"google-map-container wd-map-container   wd-rs-669633bf51c6d\"  data-map-args='{\"multiple_markers\":\"no\",\"latitude\":\"47.361410\",\"longitude\":\"8.514650\",\"zoom\":\"15\",\"mouse_zoom\":\"no\",\"init_type\":\"page_load\",\"init_offset\":\"100\",\"elementor\":false,\"json_style\":\"\",\"marker_icon\":\"https:\\\/\\\/alohaeuropeevents.com\\\/wp-content\\\/themes\\\/woodmart\\\/inc\\\/admin\\\/assets\\\/images\\\/google-icon.png\",\"marker_icon_size\":\"\",\"marker_text_needed\":\"no\",\"marker_text\":\"<h3 style=\\\"min-width:300px; text-align:center; margin:15px;\\\"><\\\/h3>\",\"selector\":\"wd-map-id-69fc8db21f8ce\",\"markers\":\"\",\"center\":\"\"}'>\n\n\t\t\t\t\n\t\t\t\t\n\t\t\t\t<div class=\"wd-google-map-wrapper wd-map-wrapper wd-fill\">\n\t\t\t\t\t<div id=\"wd-map-id-69fc8db21f8ce\" class=\"wd-google-map without-content wd-fill\"><\/div>\n\t\t\t\t<\/div>\n\n\t\t\t\t\t\t\t<\/div>\n\t\t[\/vc_column][\/vc_row]<\/p>\n<\/div>","protected":false},"excerpt":{"rendered":"<p>[vc_row css=&#8221;.vc_custom_1719255580443{margin-bottom: 40px !important;}&#8221; mobile_bg_img_hidden=&#8221;no&#8221; tablet_bg_img_hidden=&#8221;no&#8221; woodmart_parallax=&#8221;0&#8243; woodmart_gradient_switch=&#8221;no&#8221; row_reverse_mobile=&#8221;1&#8243; row_reverse_tablet=&#8221;1&#8243; woodmart_disable_overflow=&#8221;0&#8243; wd_z_index=&#8221;no&#8221; woodmart_css_id=&#8221;6679c2151853d&#8221; responsive_spacing=&#8221;eyJwYXJhbV90eXBlIjoid29vZG1hcnRfcmVzcG9uc2l2ZV9zcGFjaW5nIiwic2VsZWN0b3JfaWQiOiI2Njc5YzIxNTE4NTNkIiwic2hvcnRjb2RlIjoidmNfcm93IiwiZGF0YSI6eyJ0YWJsZXQiOnt9LCJtb2JpbGUiOnsibWFyZ2luLWJvdHRvbSI6IjIwcHgifX19&#8243; el_id=&#8221;DE&#8221; woodmart_box_shadow=&#8221;no&#8221;][vc_column css=&#8221;.vc_custom_1629877010833{margin-bottom: 40px !important;padding-top: 0px<\/p>\n","protected":false},"author":1,"featured_media":0,"parent":0,"menu_order":0,"comment_status":"closed","ping_status":"closed","template":"","meta":{"footnotes":""},"class_list":["post-10518","page","type-page","status-publish","hentry"],"yoast_head":"<!-- This site is optimized with the Yoast SEO plugin v23.4 - https:\/\/yoast.com\/wordpress\/plugins\/seo\/ -->\n<title>DIE EVENT - Aloha \u2013 Willkommen in Hawai\u02bbi<\/title>\n<meta name=\"robots\" content=\"noindex, follow, max-snippet:-1, max-image-preview:large, max-video-preview:-1\" \/>\n<meta property=\"og:locale\" content=\"de_DE\" \/>\n<meta property=\"og:type\" content=\"article\" \/>\n<meta property=\"og:title\" content=\"DIE EVENT - Aloha \u2013 Willkommen in Hawai\u02bbi\" \/>\n<meta property=\"og:description\" content=\"[vc_row css=&#8221;.vc_custom_1719255580443{margin-bottom: 40px !important;}&#8221; mobile_bg_img_hidden=&#8221;no&#8221; tablet_bg_img_hidden=&#8221;no&#8221; woodmart_parallax=&#8221;0&#8243; woodmart_gradient_switch=&#8221;no&#8221; row_reverse_mobile=&#8221;1&#8243; row_reverse_tablet=&#8221;1&#8243; woodmart_disable_overflow=&#8221;0&#8243; wd_z_index=&#8221;no&#8221; woodmart_css_id=&#8221;6679c2151853d&#8221; responsive_spacing=&#8221;eyJwYXJhbV90eXBlIjoid29vZG1hcnRfcmVzcG9uc2l2ZV9zcGFjaW5nIiwic2VsZWN0b3JfaWQiOiI2Njc5YzIxNTE4NTNkIiwic2hvcnRjb2RlIjoidmNfcm93IiwiZGF0YSI6eyJ0YWJsZXQiOnt9LCJtb2JpbGUiOnsibWFyZ2luLWJvdHRvbSI6IjIwcHgifX19&#8243; el_id=&#8221;DE&#8221; woodmart_box_shadow=&#8221;no&#8221;][vc_column css=&#8221;.vc_custom_1629877010833{margin-bottom: 40px !important;padding-top: 0px\" \/>\n<meta property=\"og:url\" content=\"https:\/\/alohaeuropeevents.com\/de\/die-event\/\" \/>\n<meta property=\"og:site_name\" content=\"Aloha \u2013 Willkommen in Hawai\u02bbi\" \/>\n<meta property=\"article:modified_time\" content=\"2024-09-10T05:24:59+00:00\" \/>\n<meta name=\"twitter:card\" content=\"summary_large_image\" \/>\n<meta name=\"twitter:label1\" content=\"Gesch\u00e4tzte Lesezeit\" \/>\n\t<meta name=\"twitter:data1\" content=\"2\u00a0Minuten\" \/>\n<script type=\"application\/ld+json\" class=\"yoast-schema-graph\">{\"@context\":\"https:\/\/schema.org\",\"@graph\":[{\"@type\":\"WebPage\",\"@id\":\"https:\/\/alohaeuropeevents.com\/de\/die-event\/\",\"url\":\"https:\/\/alohaeuropeevents.com\/de\/die-event\/\",\"name\":\"DIE EVENT - Aloha \u2013 Willkommen in Hawai\u02bbi\",\"isPartOf\":{\"@id\":\"https:\/\/alohaeuropeevents.com\/de\/#website\"},\"datePublished\":\"2021-08-25T07:26:28+00:00\",\"dateModified\":\"2024-09-10T05:24:59+00:00\",\"breadcrumb\":{\"@id\":\"https:\/\/alohaeuropeevents.com\/de\/die-event\/#breadcrumb\"},\"inLanguage\":\"de\",\"potentialAction\":[{\"@type\":\"ReadAction\",\"target\":[\"https:\/\/alohaeuropeevents.com\/de\/die-event\/\"]}]},{\"@type\":\"BreadcrumbList\",\"@id\":\"https:\/\/alohaeuropeevents.com\/de\/die-event\/#breadcrumb\",\"itemListElement\":[{\"@type\":\"ListItem\",\"position\":1,\"name\":\"Home\",\"item\":\"https:\/\/alohaeuropeevents.com\/de\/\"},{\"@type\":\"ListItem\",\"position\":2,\"name\":\"DIE EVENT\"}]},{\"@type\":\"WebSite\",\"@id\":\"https:\/\/alohaeuropeevents.com\/de\/#website\",\"url\":\"https:\/\/alohaeuropeevents.com\/de\/\",\"name\":\"Aloha Europe Events - Hawaii\",\"description\":\"Hawai\u2018i, das Juwel des Pazifiks, lockt mit atemberaubender Vielfalt\",\"potentialAction\":[{\"@type\":\"SearchAction\",\"target\":{\"@type\":\"EntryPoint\",\"urlTemplate\":\"https:\/\/alohaeuropeevents.com\/de\/?s={search_term_string}\"},\"query-input\":{\"@type\":\"PropertyValueSpecification\",\"valueRequired\":true,\"valueName\":\"search_term_string\"}}],\"inLanguage\":\"de\"}]}<\/script>\n<!-- \/ Yoast SEO plugin. -->","yoast_head_json":{"title":"DIE EVENT - Aloha \u2013 Willkommen in Hawai\u02bbi","robots":{"index":"noindex","follow":"follow","max-snippet":"max-snippet:-1","max-image-preview":"max-image-preview:large","max-video-preview":"max-video-preview:-1"},"og_locale":"de_DE","og_type":"article","og_title":"DIE EVENT - Aloha \u2013 Willkommen in Hawai\u02bbi","og_description":"[vc_row css=&#8221;.vc_custom_1719255580443{margin-bottom: 40px !important;}&#8221; mobile_bg_img_hidden=&#8221;no&#8221; tablet_bg_img_hidden=&#8221;no&#8221; woodmart_parallax=&#8221;0&#8243; woodmart_gradient_switch=&#8221;no&#8221; row_reverse_mobile=&#8221;1&#8243; row_reverse_tablet=&#8221;1&#8243; woodmart_disable_overflow=&#8221;0&#8243; wd_z_index=&#8221;no&#8221; woodmart_css_id=&#8221;6679c2151853d&#8221; responsive_spacing=&#8221;eyJwYXJhbV90eXBlIjoid29vZG1hcnRfcmVzcG9uc2l2ZV9zcGFjaW5nIiwic2VsZWN0b3JfaWQiOiI2Njc5YzIxNTE4NTNkIiwic2hvcnRjb2RlIjoidmNfcm93IiwiZGF0YSI6eyJ0YWJsZXQiOnt9LCJtb2JpbGUiOnsibWFyZ2luLWJvdHRvbSI6IjIwcHgifX19&#8243; el_id=&#8221;DE&#8221; woodmart_box_shadow=&#8221;no&#8221;][vc_column css=&#8221;.vc_custom_1629877010833{margin-bottom: 40px !important;padding-top: 0px","og_url":"https:\/\/alohaeuropeevents.com\/de\/die-event\/","og_site_name":"Aloha \u2013 Willkommen in Hawai\u02bbi","article_modified_time":"2024-09-10T05:24:59+00:00","twitter_card":"summary_large_image","twitter_misc":{"Gesch\u00e4tzte Lesezeit":"2\u00a0Minuten"},"schema":{"@context":"https:\/\/schema.org","@graph":[{"@type":"WebPage","@id":"https:\/\/alohaeuropeevents.com\/de\/die-event\/","url":"https:\/\/alohaeuropeevents.com\/de\/die-event\/","name":"DIE EVENT - Aloha \u2013 Willkommen in Hawai\u02bbi","isPartOf":{"@id":"https:\/\/alohaeuropeevents.com\/de\/#website"},"datePublished":"2021-08-25T07:26:28+00:00","dateModified":"2024-09-10T05:24:59+00:00","breadcrumb":{"@id":"https:\/\/alohaeuropeevents.com\/de\/die-event\/#breadcrumb"},"inLanguage":"de","potentialAction":[{"@type":"ReadAction","target":["https:\/\/alohaeuropeevents.com\/de\/die-event\/"]}]},{"@type":"BreadcrumbList","@id":"https:\/\/alohaeuropeevents.com\/de\/die-event\/#breadcrumb","itemListElement":[{"@type":"ListItem","position":1,"name":"Home","item":"https:\/\/alohaeuropeevents.com\/de\/"},{"@type":"ListItem","position":2,"name":"DIE EVENT"}]},{"@type":"WebSite","@id":"https:\/\/alohaeuropeevents.com\/de\/#website","url":"https:\/\/alohaeuropeevents.com\/de\/","name":"Aloha Europe Events - Hawaii","description":"Hawai\u2018i, das Juwel des Pazifiks, lockt mit atemberaubender Vielfalt","potentialAction":[{"@type":"SearchAction","target":{"@type":"EntryPoint","urlTemplate":"https:\/\/alohaeuropeevents.com\/de\/?s={search_term_string}"},"query-input":{"@type":"PropertyValueSpecification","valueRequired":true,"valueName":"search_term_string"}}],"inLanguage":"de"}]}},"_links":{"self":[{"href":"https:\/\/alohaeuropeevents.com\/de\/wp-json\/wp\/v2\/pages\/10518","targetHints":{"allow":["GET"]}}],"collection":[{"href":"https:\/\/alohaeuropeevents.com\/de\/wp-json\/wp\/v2\/pages"}],"about":[{"href":"https:\/\/alohaeuropeevents.com\/de\/wp-json\/wp\/v2\/types\/page"}],"author":[{"embeddable":true,"href":"https:\/\/alohaeuropeevents.com\/de\/wp-json\/wp\/v2\/users\/1"}],"replies":[{"embeddable":true,"href":"https:\/\/alohaeuropeevents.com\/de\/wp-json\/wp\/v2\/comments?post=10518"}],"version-history":[{"count":13,"href":"https:\/\/alohaeuropeevents.com\/de\/wp-json\/wp\/v2\/pages\/10518\/revisions"}],"predecessor-version":[{"id":11211,"href":"https:\/\/alohaeuropeevents.com\/de\/wp-json\/wp\/v2\/pages\/10518\/revisions\/11211"}],"wp:attachment":[{"href":"https:\/\/alohaeuropeevents.com\/de\/wp-json\/wp\/v2\/media?parent=10518"}],"curies":[{"name":"wp","href":"https:\/\/api.w.org\/{rel}","templated":true}]}}